{"id":203,"date":"2022-10-19T10:37:01","date_gmt":"2022-10-19T10:37:01","guid":{"rendered":"https:\/\/hopebuildingcenter.org\/?page_id=203"},"modified":"2025-06-06T15:55:04","modified_gmt":"2025-06-06T15:55:04","slug":"our-team-partners","status":"publish","type":"page","link":"https:\/\/hopebuildingcenter.org\/de\/our-team-partners\/","title":{"rendered":"Unser Team &amp; Partner"},"content":{"rendered":"<p>[et_pb_section fb_built=&#8221;1&#8243; _builder_version=&#8221;4.18.0&#8243; _module_preset=&#8221;default&#8221; global_colors_info=&#8221;{}&#8221;][et_pb_row column_structure=&#8221;1_3,1_3,1_3&#8243; _builder_version=&#8221;4.21.0&#8243; _module_preset=&#8221;default&#8221; global_colors_info=&#8221;{}&#8221;][et_pb_column type=&#8221;1_3&#8243; _builder_version=&#8221;4.18.0&#8243; _module_preset=&#8221;default&#8221; box_shadow_style=&#8221;preset1&#8243; global_colors_info=&#8221;{}&#8221;][et_pb_team_member name=&#8221;Jean Nshimiyimana Ntibagerinda                                &#8221; position=&#8221;Founder &#038; President&#8221; image_url=&#8221;https:\/\/hopebuildingcenter.org\/wp-content\/uploads\/2022\/10\/jean.png&#8221; _builder_version=&#8221;4.19.1&#8243; _module_preset=&#8221;default&#8221; header_font=&#8221;|800|||||||&#8221; body_text_color=&#8221;#100C49&#8243; position_font=&#8221;|800|||||||&#8221; position_text_align=&#8221;center&#8221; position_text_color=&#8221;RGBA(16,12,73,0.72)&#8221; background_color=&#8221;RGBA(255,255,255,0)&#8221; text_orientation=&#8221;center&#8221; custom_margin=&#8221;1em|1em|1em|1em|true|true&#8221; custom_padding=&#8221;||||false|false&#8221; border_radii=&#8221;off||||&#8221; border_width_top=&#8221;18px&#8221; border_color_top=&#8221;RGBA(16,12,73,0.72)&#8221; global_colors_info=&#8221;{}&#8221;]<\/p>\n<p>Democratic Republic of Congo<br \/>North-Kivu Province<br \/>Goma town<\/p>\n<p>[\/et_pb_team_member][et_pb_button button_url=&#8221;https:\/\/hopebuildingcenter.org\/about-the-founder\/&#8221; button_text=&#8221;Read more&#8230;&#8221; button_alignment=&#8221;center&#8221; _builder_version=&#8221;4.21.0&#8243; _module_preset=&#8221;default&#8221; custom_button=&#8221;on&#8221; button_text_color=&#8221;#FFFFFF&#8221; button_bg_color=&#8221;rgba(16,12,73,0.67)&#8221; button_border_width=&#8221;2px&#8221; button_border_color=&#8221;#F0E942&#8243; button_border_radius=&#8221;12px&#8221; button_use_icon=&#8221;off&#8221; custom_margin=&#8221;1em||1em||true|false&#8221; global_colors_info=&#8221;{}&#8221;][\/et_pb_button][\/et_pb_column][et_pb_column type=&#8221;1_3&#8243; _builder_version=&#8221;4.18.0&#8243; _module_preset=&#8221;default&#8221; box_shadow_style=&#8221;preset1&#8243; global_colors_info=&#8221;{}&#8221;][et_pb_team_member name=&#8221;Emma Uwizeyimana Izabiriza                                                        &#8221; position=&#8221;Co-founder&#8221; image_url=&#8221;https:\/\/hopebuildingcenter.org\/wp-content\/uploads\/2022\/10\/emma.jpg&#8221; _builder_version=&#8221;4.19.1&#8243; _module_preset=&#8221;default&#8221; header_font=&#8221;|800|||||||&#8221; body_text_color=&#8221;#100C49&#8243; position_font=&#8221;|800|||||||&#8221; position_text_align=&#8221;center&#8221; position_text_color=&#8221;RGBA(16,12,73,0.72)&#8221; background_color=&#8221;RGBA(255,255,255,0)&#8221; text_orientation=&#8221;center&#8221; custom_margin=&#8221;1em|1em|1em|1em|true|true&#8221; custom_padding=&#8221;||||false|false&#8221; border_radii=&#8221;off||||&#8221; border_width_top=&#8221;18px&#8221; border_color_top=&#8221;RGBA(16,12,73,0.72)&#8221; global_colors_info=&#8221;{}&#8221;]<\/p>\n<p>Democratic Republic of Congo<br \/>North-Kivu Province<br \/>Goma town<\/p>\n<p>[\/et_pb_team_member][et_pb_button button_url=&#8221;https:\/\/hopebuildingcenter.org\/emma-uwizeyimana\/&#8221; url_new_window=&#8221;on&#8221; button_text=&#8221;Read more&#8230;&#8221; button_alignment=&#8221;center&#8221; _builder_version=&#8221;4.27.4&#8243; _module_preset=&#8221;default&#8221; custom_button=&#8221;on&#8221; button_text_color=&#8221;#FFFFFF&#8221; button_bg_color=&#8221;rgba(16,12,73,0.67)&#8221; button_border_width=&#8221;2px&#8221; button_border_color=&#8221;#F0E942&#8243; button_border_radius=&#8221;12px&#8221; button_use_icon=&#8221;off&#8221; custom_margin=&#8221;1em||1em||true|false&#8221; global_colors_info=&#8221;{}&#8221;][\/et_pb_button][\/et_pb_column][et_pb_column type=&#8221;1_3&#8243; _builder_version=&#8221;4.21.0&#8243; _module_preset=&#8221;default&#8221; box_shadow_style=&#8221;preset1&#8243; global_colors_info=&#8221;{}&#8221;][et_pb_team_member name=&#8221;Milad Saliba                                                                                                                                            &#8221; position=&#8221;Founder &#038; President of Joint Christian Association- USA, Inc.&#8221; image_url=&#8221;https:\/\/hopebuildingcenter.org\/wp-content\/uploads\/2023\/06\/Milad.jpg&#8221; _builder_version=&#8221;4.21.0&#8243; _module_preset=&#8221;default&#8221; header_font=&#8221;|800|||||||&#8221; body_text_color=&#8221;#100C49&#8243; position_font=&#8221;|800|||||||&#8221; position_text_align=&#8221;center&#8221; position_text_color=&#8221;RGBA(16,12,73,0.72)&#8221; background_color=&#8221;RGBA(255,255,255,0)&#8221; text_orientation=&#8221;center&#8221; custom_margin=&#8221;1em|1em|1em|1em|true|true&#8221; custom_padding=&#8221;||1.7em||false|false&#8221; border_radii=&#8221;off||||&#8221; border_width_top=&#8221;18px&#8221; border_color_top=&#8221;RGBA(16,12,73,0.72)&#8221; global_colors_info=&#8221;{}&#8221;]<\/p>\n<p>Georgia \/ USA<\/p>\n<p>[\/et_pb_team_member][et_pb_button button_url=&#8221;https:\/\/hopebuildingcenter.org\/christian-association-usa-inc\/&#8221; button_text=&#8221;Read more&#8230;&#8221; button_alignment=&#8221;center&#8221; _builder_version=&#8221;4.21.0&#8243; _module_preset=&#8221;default&#8221; custom_button=&#8221;on&#8221; button_text_color=&#8221;#FFFFFF&#8221; button_bg_color=&#8221;rgba(16,12,73,0.67)&#8221; button_border_width=&#8221;2px&#8221; button_border_color=&#8221;#F0E942&#8243; button_border_radius=&#8221;12px&#8221; button_use_icon=&#8221;off&#8221; custom_margin=&#8221;1em||1em||true|false&#8221; global_colors_info=&#8221;{}&#8221;][\/et_pb_button][\/et_pb_column][\/et_pb_row][et_pb_row column_structure=&#8221;1_3,1_3,1_3&#8243; _builder_version=&#8221;4.21.0&#8243; _module_preset=&#8221;default&#8221; global_colors_info=&#8221;{}&#8221;][et_pb_column type=&#8221;1_3&#8243; _builder_version=&#8221;4.18.0&#8243; _module_preset=&#8221;default&#8221; box_shadow_style=&#8221;preset1&#8243; global_colors_info=&#8221;{}&#8221;][et_pb_team_member name=&#8221;David Schubert                                                                                                                                                       &#8221; position=&#8221;Co-Founder &#038; Board Secretary of Joint Christian Association- USA, Inc.&#8221; image_url=&#8221;https:\/\/hopebuildingcenter.org\/wp-content\/uploads\/2022\/10\/david.png&#8221; _builder_version=&#8221;4.21.0&#8243; _module_preset=&#8221;default&#8221; header_font=&#8221;|800|||||||&#8221; body_text_color=&#8221;#100C49&#8243; position_font=&#8221;|800|||||||&#8221; position_text_align=&#8221;center&#8221; position_text_color=&#8221;RGBA(16,12,73,0.72)&#8221; background_color=&#8221;RGBA(255,255,255,0)&#8221; text_orientation=&#8221;center&#8221; custom_margin=&#8221;1em|1em|1em|1em|true|true&#8221; custom_padding=&#8221;||||false|false&#8221; hover_enabled=&#8221;0&#8243; border_radii=&#8221;off||||&#8221; border_width_top=&#8221;18px&#8221; border_color_top=&#8221;RGBA(16,12,73,0.72)&#8221; global_colors_info=&#8221;{}&#8221; sticky_enabled=&#8221;0&#8243;]<\/p>\n<p>Texas\/ USA<\/p>\n<p>[\/et_pb_team_member][et_pb_button button_url=&#8221;@ET-DC@eyJkeW5hbWljIjp0cnVlLCJjb250ZW50IjoicG9zdF9saW5rX3VybF9wYWdlIiwic2V0dGluZ3MiOnsicG9zdF9pZCI6IjEzMDgifX0=@&#8221; button_text=&#8221;Read more&#8230;&#8221; button_alignment=&#8221;center&#8221; _builder_version=&#8221;4.27.4&#8243; _dynamic_attributes=&#8221;button_url&#8221; _module_preset=&#8221;default&#8221; custom_button=&#8221;on&#8221; button_text_color=&#8221;#FFFFFF&#8221; button_bg_color=&#8221;rgba(16,12,73,0.67)&#8221; button_border_width=&#8221;2px&#8221; button_border_color=&#8221;#F0E942&#8243; button_border_radius=&#8221;12px&#8221; button_use_icon=&#8221;off&#8221; custom_margin=&#8221;1em||1em||true|false&#8221; global_colors_info=&#8221;{}&#8221;][\/et_pb_button][\/et_pb_column][et_pb_column type=&#8221;1_3&#8243; _builder_version=&#8221;4.18.0&#8243; _module_preset=&#8221;default&#8221; box_shadow_style=&#8221;preset1&#8243; global_colors_info=&#8221;{}&#8221;][et_pb_team_member name=&#8221;Christina Ott&#8221; position=&#8221;Counselor of Psychology, Author &#038; Speaker, HOBC Advocatress&#8221; image_url=&#8221;https:\/\/hopebuildingcenter.org\/wp-content\/uploads\/2022\/10\/ott.png&#8221; _builder_version=&#8221;4.19.1&#8243; _module_preset=&#8221;default&#8221; header_font=&#8221;|800|||||||&#8221; body_text_color=&#8221;#100C49&#8243; position_font=&#8221;|800|||||||&#8221; position_text_align=&#8221;center&#8221; position_text_color=&#8221;RGBA(16,12,73,0.72)&#8221; background_color=&#8221;RGBA(255,255,255,0)&#8221; text_orientation=&#8221;center&#8221; custom_margin=&#8221;1em|1em|1em|1em|true|true&#8221; custom_padding=&#8221;||0.2em||false|false&#8221; border_radii=&#8221;off||||&#8221; border_width_top=&#8221;18px&#8221; border_color_top=&#8221;RGBA(16,12,73,0.72)&#8221; global_colors_info=&#8221;{}&#8221;]<\/p>\n<p><a href=\"http:\/\/www.ott-beratungen.de\">www.ott-beratungen.de<\/a><br \/>Nuremberg \/ Germany<\/p>\n<p>[\/et_pb_team_member][et_pb_button button_url=&#8221;https:\/\/hopebuildingcenter.org\/christina-ott\/&#8221; button_text=&#8221;Read more&#8230;&#8221; button_alignment=&#8221;center&#8221; _builder_version=&#8221;4.21.0&#8243; _module_preset=&#8221;default&#8221; custom_button=&#8221;on&#8221; button_text_color=&#8221;#FFFFFF&#8221; button_bg_color=&#8221;rgba(16,12,73,0.67)&#8221; button_border_width=&#8221;2px&#8221; button_border_color=&#8221;#F0E942&#8243; button_border_radius=&#8221;12px&#8221; button_use_icon=&#8221;off&#8221; custom_margin=&#8221;1em||1em||true|false&#8221; global_colors_info=&#8221;{}&#8221;][\/et_pb_button][\/et_pb_column][et_pb_column type=&#8221;1_3&#8243; _builder_version=&#8221;4.21.0&#8243; _module_preset=&#8221;default&#8221; box_shadow_style=&#8221;preset1&#8243; global_colors_info=&#8221;{}&#8221;][\/et_pb_column][\/et_pb_row][\/et_pb_section]<\/p>\n","protected":false},"excerpt":{"rendered":"<p>Hoffnung stiften, F\u00fchrungskr\u00e4fte bilden f\u00fcr den Frieden,\nArmutsketten sprengen<\/p>","protected":false},"author":1,"featured_media":5,"parent":0,"menu_order":0,"comment_status":"closed","ping_status":"closed","template":"","meta":{"_et_pb_use_builder":"on","_et_pb_old_content":"","_et_gb_content_width":"","footnotes":""},"class_list":["post-203","page","type-page","status-publish","has-post-thumbnail","hentry"],"yoast_head":"<!-- This site is optimized with the Yoast SEO plugin v27.3 - https:\/\/yoast.com\/product\/yoast-seo-wordpress\/ -->\n<title>Our team &amp; Partners - Hope Building Center<\/title>\n<meta name=\"description\" content=\"Building hope. making leaders for peace, breaking the chains of poverty\" \/>\n<meta name=\"robots\" content=\"index, follow, max-snippet:-1, max-image-preview:large, max-video-preview:-1\" \/>\n<link rel=\"canonical\" href=\"https:\/\/hopebuildingcenter.org\/de\/our-team-partners\/\" \/>\n<meta property=\"og:locale\" content=\"de_DE\" \/>\n<meta property=\"og:type\" content=\"article\" \/>\n<meta property=\"og:title\" content=\"Our team &amp; Partners - Hope Building Center\" \/>\n<meta property=\"og:description\" content=\"Building hope. making leaders for peace, breaking the chains of poverty\" \/>\n<meta property=\"og:url\" content=\"https:\/\/hopebuildingcenter.org\/de\/our-team-partners\/\" \/>\n<meta property=\"og:site_name\" content=\"Hope Building Center\" \/>\n<meta property=\"article:publisher\" content=\"https:\/\/web.facebook.com\/profile.php?id=100086655221162\" \/>\n<meta property=\"article:modified_time\" content=\"2025-06-06T15:55:04+00:00\" \/>\n<meta property=\"og:image\" content=\"https:\/\/hopebuildingcenter.org\/wp-content\/uploads\/2022\/10\/logo.jpg\" \/>\n\t<meta property=\"og:image:width\" content=\"720\" \/>\n\t<meta property=\"og:image:height\" content=\"689\" \/>\n\t<meta property=\"og:image:type\" content=\"image\/jpeg\" \/>\n<meta name=\"twitter:card\" content=\"summary_large_image\" \/>\n<meta name=\"twitter:description\" content=\"Building hope. making leaders for peace, breaking the chains of poverty\" \/>\n<meta name=\"twitter:image\" content=\"https:\/\/hopebuildingcenter.org\/wp-content\/uploads\/2022\/10\/logo.jpg\" \/>\n<meta name=\"twitter:site\" content=\"@HopeBCentre\" \/>\n<meta name=\"twitter:label1\" content=\"Gesch\u00e4tzte Lesezeit\" \/>\n\t<meta name=\"twitter:data1\" content=\"1\u00a0Minute\" \/>\n<script type=\"application\/ld+json\" class=\"yoast-schema-graph\">{\"@context\":\"https:\\\/\\\/schema.org\",\"@graph\":[{\"@type\":\"WebPage\",\"@id\":\"https:\\\/\\\/hopebuildingcenter.org\\\/our-team-partners\\\/\",\"url\":\"https:\\\/\\\/hopebuildingcenter.org\\\/our-team-partners\\\/\",\"name\":\"Our team & Partners - Hope Building Center\",\"isPartOf\":{\"@id\":\"https:\\\/\\\/hopebuildingcenter.org\\\/#website\"},\"primaryImageOfPage\":{\"@id\":\"https:\\\/\\\/hopebuildingcenter.org\\\/our-team-partners\\\/#primaryimage\"},\"image\":{\"@id\":\"https:\\\/\\\/hopebuildingcenter.org\\\/our-team-partners\\\/#primaryimage\"},\"thumbnailUrl\":\"https:\\\/\\\/hopebuildingcenter.org\\\/wp-content\\\/uploads\\\/2022\\\/10\\\/logo.jpg\",\"datePublished\":\"2022-10-19T10:37:01+00:00\",\"dateModified\":\"2025-06-06T15:55:04+00:00\",\"description\":\"Building hope. making leaders for peace, breaking the chains of poverty\",\"breadcrumb\":{\"@id\":\"https:\\\/\\\/hopebuildingcenter.org\\\/our-team-partners\\\/#breadcrumb\"},\"inLanguage\":\"de\",\"potentialAction\":[{\"@type\":\"ReadAction\",\"target\":[\"https:\\\/\\\/hopebuildingcenter.org\\\/our-team-partners\\\/\"]}]},{\"@type\":\"ImageObject\",\"inLanguage\":\"de\",\"@id\":\"https:\\\/\\\/hopebuildingcenter.org\\\/our-team-partners\\\/#primaryimage\",\"url\":\"https:\\\/\\\/hopebuildingcenter.org\\\/wp-content\\\/uploads\\\/2022\\\/10\\\/logo.jpg\",\"contentUrl\":\"https:\\\/\\\/hopebuildingcenter.org\\\/wp-content\\\/uploads\\\/2022\\\/10\\\/logo.jpg\",\"width\":720,\"height\":689},{\"@type\":\"BreadcrumbList\",\"@id\":\"https:\\\/\\\/hopebuildingcenter.org\\\/our-team-partners\\\/#breadcrumb\",\"itemListElement\":[{\"@type\":\"ListItem\",\"position\":1,\"name\":\"Home\",\"item\":\"https:\\\/\\\/hopebuildingcenter.org\\\/\"},{\"@type\":\"ListItem\",\"position\":2,\"name\":\"Our team &#038; Partners\"}]},{\"@type\":\"WebSite\",\"@id\":\"https:\\\/\\\/hopebuildingcenter.org\\\/#website\",\"url\":\"https:\\\/\\\/hopebuildingcenter.org\\\/\",\"name\":\"Hope Building Center\",\"description\":\"From armed group to leaders of peace\",\"publisher\":{\"@id\":\"https:\\\/\\\/hopebuildingcenter.org\\\/#organization\"},\"potentialAction\":[{\"@type\":\"SearchAction\",\"target\":{\"@type\":\"EntryPoint\",\"urlTemplate\":\"https:\\\/\\\/hopebuildingcenter.org\\\/?s={search_term_string}\"},\"query-input\":{\"@type\":\"PropertyValueSpecification\",\"valueRequired\":true,\"valueName\":\"search_term_string\"}}],\"inLanguage\":\"de\"},{\"@type\":\"Organization\",\"@id\":\"https:\\\/\\\/hopebuildingcenter.org\\\/#organization\",\"name\":\"Hope Building Center\",\"url\":\"https:\\\/\\\/hopebuildingcenter.org\\\/\",\"logo\":{\"@type\":\"ImageObject\",\"inLanguage\":\"de\",\"@id\":\"https:\\\/\\\/hopebuildingcenter.org\\\/#\\\/schema\\\/logo\\\/image\\\/\",\"url\":\"https:\\\/\\\/hopebuildingcenter.org\\\/wp-content\\\/uploads\\\/2022\\\/10\\\/logo.jpg\",\"contentUrl\":\"https:\\\/\\\/hopebuildingcenter.org\\\/wp-content\\\/uploads\\\/2022\\\/10\\\/logo.jpg\",\"width\":720,\"height\":689,\"caption\":\"Hope Building Center\"},\"image\":{\"@id\":\"https:\\\/\\\/hopebuildingcenter.org\\\/#\\\/schema\\\/logo\\\/image\\\/\"},\"sameAs\":[\"https:\\\/\\\/web.facebook.com\\\/profile.php?id=100086655221162\",\"https:\\\/\\\/x.com\\\/HopeBCentre\"]}]}<\/script>\n<!-- \/ Yoast SEO plugin. -->","yoast_head_json":{"title":"Our team & Partners - Hope Building Center","description":"Hoffnung stiften, F\u00fchrungskr\u00e4fte bilden f\u00fcr den Frieden,\nArmutsketten sprengen","robots":{"index":"index","follow":"follow","max-snippet":"max-snippet:-1","max-image-preview":"max-image-preview:large","max-video-preview":"max-video-preview:-1"},"canonical":"https:\/\/hopebuildingcenter.org\/de\/our-team-partners\/","og_locale":"de_DE","og_type":"article","og_title":"Our team & Partners - Hope Building Center","og_description":"Building hope. making leaders for peace, breaking the chains of poverty","og_url":"https:\/\/hopebuildingcenter.org\/de\/our-team-partners\/","og_site_name":"Hope Building Center","article_publisher":"https:\/\/web.facebook.com\/profile.php?id=100086655221162","article_modified_time":"2025-06-06T15:55:04+00:00","og_image":[{"width":720,"height":689,"url":"https:\/\/hopebuildingcenter.org\/wp-content\/uploads\/2022\/10\/logo.jpg","type":"image\/jpeg"}],"twitter_card":"summary_large_image","twitter_description":"Building hope. making leaders for peace, breaking the chains of poverty","twitter_image":"https:\/\/hopebuildingcenter.org\/wp-content\/uploads\/2022\/10\/logo.jpg","twitter_site":"@HopeBCentre","twitter_misc":{"Gesch\u00e4tzte Lesezeit":"1\u00a0Minute"},"schema":{"@context":"https:\/\/schema.org","@graph":[{"@type":"WebPage","@id":"https:\/\/hopebuildingcenter.org\/our-team-partners\/","url":"https:\/\/hopebuildingcenter.org\/our-team-partners\/","name":"Our team & Partners - Hope Building Center","isPartOf":{"@id":"https:\/\/hopebuildingcenter.org\/#website"},"primaryImageOfPage":{"@id":"https:\/\/hopebuildingcenter.org\/our-team-partners\/#primaryimage"},"image":{"@id":"https:\/\/hopebuildingcenter.org\/our-team-partners\/#primaryimage"},"thumbnailUrl":"https:\/\/hopebuildingcenter.org\/wp-content\/uploads\/2022\/10\/logo.jpg","datePublished":"2022-10-19T10:37:01+00:00","dateModified":"2025-06-06T15:55:04+00:00","description":"Hoffnung stiften, F\u00fchrungskr\u00e4fte bilden f\u00fcr den Frieden,\nArmutsketten sprengen","breadcrumb":{"@id":"https:\/\/hopebuildingcenter.org\/our-team-partners\/#breadcrumb"},"inLanguage":"de","potentialAction":[{"@type":"ReadAction","target":["https:\/\/hopebuildingcenter.org\/our-team-partners\/"]}]},{"@type":"ImageObject","inLanguage":"de","@id":"https:\/\/hopebuildingcenter.org\/our-team-partners\/#primaryimage","url":"https:\/\/hopebuildingcenter.org\/wp-content\/uploads\/2022\/10\/logo.jpg","contentUrl":"https:\/\/hopebuildingcenter.org\/wp-content\/uploads\/2022\/10\/logo.jpg","width":720,"height":689},{"@type":"BreadcrumbList","@id":"https:\/\/hopebuildingcenter.org\/our-team-partners\/#breadcrumb","itemListElement":[{"@type":"ListItem","position":1,"name":"Home","item":"https:\/\/hopebuildingcenter.org\/"},{"@type":"ListItem","position":2,"name":"Our team &#038; Partners"}]},{"@type":"WebSite","@id":"https:\/\/hopebuildingcenter.org\/#website","url":"https:\/\/hopebuildingcenter.org\/","name":"Hope Building Center","description":"From armed group to leaders of peace","publisher":{"@id":"https:\/\/hopebuildingcenter.org\/#organization"},"potentialAction":[{"@type":"SearchAction","target":{"@type":"EntryPoint","urlTemplate":"https:\/\/hopebuildingcenter.org\/?s={search_term_string}"},"query-input":{"@type":"PropertyValueSpecification","valueRequired":true,"valueName":"search_term_string"}}],"inLanguage":"de"},{"@type":"Organization","@id":"https:\/\/hopebuildingcenter.org\/#organization","name":"Hope Building Center","url":"https:\/\/hopebuildingcenter.org\/","logo":{"@type":"ImageObject","inLanguage":"de","@id":"https:\/\/hopebuildingcenter.org\/#\/schema\/logo\/image\/","url":"https:\/\/hopebuildingcenter.org\/wp-content\/uploads\/2022\/10\/logo.jpg","contentUrl":"https:\/\/hopebuildingcenter.org\/wp-content\/uploads\/2022\/10\/logo.jpg","width":720,"height":689,"caption":"Hope Building Center"},"image":{"@id":"https:\/\/hopebuildingcenter.org\/#\/schema\/logo\/image\/"},"sameAs":["https:\/\/web.facebook.com\/profile.php?id=100086655221162","https:\/\/x.com\/HopeBCentre"]}]}},"_links":{"self":[{"href":"https:\/\/hopebuildingcenter.org\/de\/wp-json\/wp\/v2\/pages\/203","targetHints":{"allow":["GET"]}}],"collection":[{"href":"https:\/\/hopebuildingcenter.org\/de\/wp-json\/wp\/v2\/pages"}],"about":[{"href":"https:\/\/hopebuildingcenter.org\/de\/wp-json\/wp\/v2\/types\/page"}],"author":[{"embeddable":true,"href":"https:\/\/hopebuildingcenter.org\/de\/wp-json\/wp\/v2\/users\/1"}],"replies":[{"embeddable":true,"href":"https:\/\/hopebuildingcenter.org\/de\/wp-json\/wp\/v2\/comments?post=203"}],"version-history":[{"count":41,"href":"https:\/\/hopebuildingcenter.org\/de\/wp-json\/wp\/v2\/pages\/203\/revisions"}],"predecessor-version":[{"id":1727,"href":"https:\/\/hopebuildingcenter.org\/de\/wp-json\/wp\/v2\/pages\/203\/revisions\/1727"}],"wp:featuredmedia":[{"embeddable":true,"href":"https:\/\/hopebuildingcenter.org\/de\/wp-json\/wp\/v2\/media\/5"}],"wp:attachment":[{"href":"https:\/\/hopebuildingcenter.org\/de\/wp-json\/wp\/v2\/media?parent=203"}],"curies":[{"name":"wp","href":"https:\/\/api.w.org\/{rel}","templated":true}]}}